{"id":33309,"date":"2024-11-27T13:58:42","date_gmt":"2024-11-27T13:58:42","guid":{"rendered":"https:\/\/careprodtechnologies.com\/legal-notice\/"},"modified":"2025-08-20T09:55:41","modified_gmt":"2025-08-20T09:55:41","slug":"legal-notice","status":"publish","type":"page","link":"https:\/\/careprodtechnologies.com\/fr\/legal-notice\/","title":{"rendered":"Mentions L\u00e9gales"},"content":{"rendered":"\t\t<div data-elementor-type=\"wp-page\" data-elementor-id=\"33309\" class=\"elementor elementor-33309\">\n\t\t\t\t\t\t<section class=\"elementor-section elementor-top-section elementor-element elementor-element-524db813 elementor-section-boxed elementor-section-height-default elementor-section-height-default\" data-id=\"524db813\" data-element_type=\"section\" data-e-type=\"section\">\n\t\t\t\t\t\t<div class=\"elementor-container elementor-column-gap-default\">\n\t\t\t\t\t<div class=\"elementor-column elementor-col-100 elementor-top-column elementor-element elementor-element-3097e371\" data-id=\"3097e371\" data-element_type=\"column\" data-e-type=\"column\">\n\t\t\t<div class=\"elementor-widget-wrap elementor-element-populated\">\n\t\t\t\t\t\t<div class=\"elementor-element elementor-element-6dc6c74 elementor-widget elementor-widget-heading\" data-id=\"6dc6c74\" data-element_type=\"widget\" data-e-type=\"widget\" data-widget_type=\"heading.default\">\n\t\t\t\t<div class=\"elementor-widget-container\">\n\t\t\t\t\t<h2 class=\"elementor-heading-title elementor-size-default\">Mentions L\u00e9gales<\/h2>\t\t\t\t<\/div>\n\t\t\t\t<\/div>\n\t\t\t\t<div class=\"elementor-element elementor-element-f8a5e28 elementor-widget elementor-widget-text-editor\" data-id=\"f8a5e28\" data-element_type=\"widget\" data-e-type=\"widget\" data-widget_type=\"text-editor.default\">\n\t\t\t\t<div class=\"elementor-widget-container\">\n\t\t\t\t\t\t\t\t\t<p>Derni\u00e8re mise \u00e0 jour: Juin 2025<\/p>\t\t\t\t\t\t\t\t<\/div>\n\t\t\t\t<\/div>\n\t\t\t\t<div class=\"elementor-element elementor-element-4d22dbad elementor-widget elementor-widget-text-editor\" data-id=\"4d22dbad\" data-element_type=\"widget\" data-e-type=\"widget\" data-widget_type=\"text-editor.default\">\n\t\t\t\t<div class=\"elementor-widget-container\">\n\t\t\t\t\t\t\t\t\t<p data-start=\"42\" data-end=\"295\">Ces mentions l\u00e9gales r\u00e9gissent l\u2019utilisation du site careprodtechnologies.com. En acc\u00e9dant et en utilisant notre site, vous acceptez de respecter les conditions \u00e9nonc\u00e9es ci-dessous. Veuillez lire attentivement cette notice avant d\u2019utiliser notre site.<\/p><p><strong data-start=\"297\" data-end=\"318\">1. Propri\u00e9t\u00e9 du site<\/strong><\/p><p data-start=\"322\" data-end=\"532\">Orsync.io est d\u00e9tenu et exploit\u00e9 par CAREPROD TECHNOLOGIES, soci\u00e9t\u00e9 par actions simplifi\u00e9e au capital de 280 000 \u20ac, dont le si\u00e8ge social est situ\u00e9 au 447 Rue de la Tour de Candelon, 34090 MONTPELLIER, FRANCE.<\/p><p data-start=\"534\" data-end=\"652\">Num\u00e9ro de t\u00e9l\u00e9phone : +33 434 480 392<br data-start=\"571\" data-end=\"574\" \/>Email : <a class=\"decorated-link cursor-pointer\" rel=\"noopener\" data-start=\"582\" data-end=\"599\">contact@orsync.io<\/a><br data-start=\"599\" data-end=\"602\" \/>Num\u00e9ro de TVA intracommunautaire : FR03903403095<\/p><p data-start=\"654\" data-end=\"828\">Le site est h\u00e9berg\u00e9 par GANDI SAS, soci\u00e9t\u00e9 par actions simplifi\u00e9e au capital de 630 000 \u20ac, dont le si\u00e8ge social est situ\u00e9 au 63-65 boulevard Mass\u00e9na, Paris (75013), FRANCE.<\/p><p data-start=\"830\" data-end=\"870\"><strong data-start=\"830\" data-end=\"868\">2. Droits de propri\u00e9t\u00e9 intellectuelle<\/strong><\/p><p data-start=\"872\" data-end=\"1359\">Tous les contenus et mat\u00e9riaux disponibles sur careprodtechnologies.com, y compris, mais sans s\u2019y limiter, les textes, graphiques, logos, images, vid\u00e9os et logiciels, sont la propri\u00e9t\u00e9 intellectuelle de CAREPROD TECHNOLOGIES ou de ses conc\u00e9dants. Ces mat\u00e9riaux sont prot\u00e9g\u00e9s par le droit d\u2019auteur et autres lois relatives \u00e0 la propri\u00e9t\u00e9 intellectuelle. Vous n\u2019\u00eates pas autoris\u00e9 \u00e0 reproduire, modifier, distribuer ou publier tout contenu de notre site sans consentement \u00e9crit pr\u00e9alable.<\/p><p data-start=\"1361\" data-end=\"1381\"><strong data-start=\"1361\" data-end=\"1379\">3. Responsabilit\u00e9<\/strong><\/p><p data-start=\"1383\" data-end=\"1880\">Bien que nous nous effor\u00e7ons de fournir des informations exactes et \u00e0 jour sur notre site, nous ne faisons aucune d\u00e9claration ni garantie, expresse ou implicite, concernant l\u2019exhaustivit\u00e9, l\u2019exactitude, la fiabilit\u00e9, la pertinence ou la disponibilit\u00e9 des informations, produits, services ou graphiques associ\u00e9s sur careprodtechnologies.com. L\u2019utilisation du site se fait \u00e0 vos propres risques, et nous ne saurions \u00eatre tenus responsables de toute perte ou dommage r\u00e9sultant de cette utilisation.<\/p><p data-start=\"1882\" data-end=\"1902\"><strong data-start=\"1882\" data-end=\"1900\">4. Liens externes<\/strong><\/p><p data-start=\"1904\" data-end=\"2325\">Notre site peut contenir des liens vers des sites tiers pour plus de commodit\u00e9 ou \u00e0 titre de r\u00e9f\u00e9rence. Toutefois, nous n\u2019approuvons pas et n\u2019avons aucun contr\u00f4le sur le contenu, les politiques de confidentialit\u00e9 ou les pratiques de ces sites externes. Par cons\u00e9quent, nous ne pouvons \u00eatre tenus responsables de la protection et de la confidentialit\u00e9 des informations que vous fournissez lors de la visite de ces sites.<\/p><p data-start=\"2327\" data-end=\"2364\"><strong data-start=\"2327\" data-end=\"2362\">5. Droit applicable et juridiction<\/strong><\/p><p data-start=\"2366\" data-end=\"2573\">Ces mentions l\u00e9gales sont r\u00e9gies et interpr\u00e9t\u00e9es conform\u00e9ment au droit fran\u00e7ais. Tout litige d\u00e9coulant de l\u2019utilisation de notre site rel\u00e8ve de la comp\u00e9tence exclusive des tribunaux de Montpellier, France.<\/p><p data-start=\"2575\" data-end=\"2615\"><strong data-start=\"2575\" data-end=\"2613\">6. Modifications des mentions l\u00e9gales<\/strong><\/p><p data-start=\"2617\" data-end=\"2940\">Nous nous r\u00e9servons le droit de modifier ou mettre \u00e0 jour ces mentions l\u00e9gales \u00e0 tout moment et sans pr\u00e9avis. Les modifications prendront effet imm\u00e9diatement d\u00e8s leur publication sur careprodtechnologies.com. En continuant \u00e0 utiliser notre site apr\u00e8s ces modifications, vous acceptez et consentez aux conditions r\u00e9vis\u00e9es.<\/p><p data-start=\"2942\" data-end=\"3080\">Si vous avez des questions ou des pr\u00e9occupations concernant nos mentions l\u00e9gales, veuillez nous contacter \u00e0 l\u2019adresse <a class=\"decorated-link cursor-pointer\" rel=\"noopener\" data-start=\"3060\" data-end=\"3077\">contact@orsync.io<\/a><\/p>\t\t\t\t\t\t\t\t<\/div>\n\t\t\t\t<\/div>\n\t\t\t\t\t<\/div>\n\t\t<\/div>\n\t\t\t\t\t<\/div>\n\t\t<\/section>\n\t\t\t\t<\/div>\n\t\t","protected":false},"excerpt":{"rendered":"<p>Mentions L\u00e9gales Derni\u00e8re mise \u00e0 jour: Juin 2025 Ces mentions l\u00e9gales r\u00e9gissent l\u2019utilisation du site careprodtechnologies.com. En acc\u00e9dant et en utilisant notre site, vous acceptez de respecter les conditions \u00e9nonc\u00e9es ci-dessous. Veuillez lire attentivement cette notice avant d\u2019utiliser notre site&#8230;.<\/p>\n","protected":false},"author":1,"featured_media":0,"parent":0,"menu_order":0,"comment_status":"closed","ping_status":"closed","template":"","meta":{"footnotes":""},"class_list":["post-33309","page","type-page","status-publish","hentry"],"yoast_head":"<!-- This site is optimized with the Yoast SEO plugin v26.9 - https:\/\/yoast.com\/product\/yoast-seo-wordpress\/ -->\n<title>Mentions L\u00e9gales - Careprod Technologies<\/title>\n<meta name=\"robots\" content=\"noindex, nofollow\" \/>\n<meta property=\"og:locale\" content=\"fr_FR\" \/>\n<meta property=\"og:type\" content=\"article\" \/>\n<meta property=\"og:title\" content=\"Mentions L\u00e9gales - Careprod Technologies\" \/>\n<meta property=\"og:description\" content=\"Mentions L\u00e9gales Derni\u00e8re mise \u00e0 jour: Juin 2025 Ces mentions l\u00e9gales r\u00e9gissent l\u2019utilisation du site careprodtechnologies.com. En acc\u00e9dant et en utilisant notre site, vous acceptez de respecter les conditions \u00e9nonc\u00e9es ci-dessous. Veuillez lire attentivement cette notice avant d\u2019utiliser notre site....\" \/>\n<meta property=\"og:url\" content=\"https:\/\/careprodtechnologies.com\/fr\/legal-notice\/\" \/>\n<meta property=\"og:site_name\" content=\"Careprod Technologies\" \/>\n<meta property=\"article:modified_time\" content=\"2025-08-20T09:55:41+00:00\" \/>\n<meta property=\"og:image\" content=\"https:\/\/careprodtechnologies.com\/wp-content\/uploads\/2024\/10\/Careprod_Technologie_Logo_Horizontal_color.png\" \/>\n\t<meta property=\"og:image:width\" content=\"1920\" \/>\n\t<meta property=\"og:image:height\" content=\"1080\" \/>\n\t<meta property=\"og:image:type\" content=\"image\/png\" \/>\n<meta name=\"twitter:card\" content=\"summary_large_image\" \/>\n<meta name=\"twitter:label1\" content=\"Dur\u00e9e de lecture estim\u00e9e\" \/>\n\t<meta name=\"twitter:data1\" content=\"2 minutes\" \/>\n<script type=\"application\/ld+json\" class=\"yoast-schema-graph\">{\"@context\":\"https:\/\/schema.org\",\"@graph\":[{\"@type\":\"WebPage\",\"@id\":\"https:\/\/careprodtechnologies.com\/fr\/legal-notice\/\",\"url\":\"https:\/\/careprodtechnologies.com\/fr\/legal-notice\/\",\"name\":\"Mentions L\u00e9gales - Careprod Technologies\",\"isPartOf\":{\"@id\":\"https:\/\/dev.orsync.io\/#website\"},\"datePublished\":\"2024-11-27T13:58:42+00:00\",\"dateModified\":\"2025-08-20T09:55:41+00:00\",\"breadcrumb\":{\"@id\":\"https:\/\/careprodtechnologies.com\/fr\/legal-notice\/#breadcrumb\"},\"inLanguage\":\"fr-FR\",\"potentialAction\":[{\"@type\":\"ReadAction\",\"target\":[\"https:\/\/careprodtechnologies.com\/fr\/legal-notice\/\"]}]},{\"@type\":\"BreadcrumbList\",\"@id\":\"https:\/\/careprodtechnologies.com\/fr\/legal-notice\/#breadcrumb\",\"itemListElement\":[{\"@type\":\"ListItem\",\"position\":1,\"name\":\"Accueil\",\"item\":\"https:\/\/careprodtechnologies.com\/fr\/\"},{\"@type\":\"ListItem\",\"position\":2,\"name\":\"Mentions L\u00e9gales\"}]},{\"@type\":\"WebSite\",\"@id\":\"https:\/\/dev.orsync.io\/#website\",\"url\":\"https:\/\/dev.orsync.io\/\",\"name\":\"Careprod Technologies\",\"description\":\"Empower medical education\",\"potentialAction\":[{\"@type\":\"SearchAction\",\"target\":{\"@type\":\"EntryPoint\",\"urlTemplate\":\"https:\/\/dev.orsync.io\/?s={search_term_string}\"},\"query-input\":{\"@type\":\"PropertyValueSpecification\",\"valueRequired\":true,\"valueName\":\"search_term_string\"}}],\"inLanguage\":\"fr-FR\"}]}<\/script>\n<!-- \/ Yoast SEO plugin. -->","yoast_head_json":{"title":"Mentions L\u00e9gales - Careprod Technologies","robots":{"index":"noindex","follow":"nofollow"},"og_locale":"fr_FR","og_type":"article","og_title":"Mentions L\u00e9gales - Careprod Technologies","og_description":"Mentions L\u00e9gales Derni\u00e8re mise \u00e0 jour: Juin 2025 Ces mentions l\u00e9gales r\u00e9gissent l\u2019utilisation du site careprodtechnologies.com. En acc\u00e9dant et en utilisant notre site, vous acceptez de respecter les conditions \u00e9nonc\u00e9es ci-dessous. Veuillez lire attentivement cette notice avant d\u2019utiliser notre site....","og_url":"https:\/\/careprodtechnologies.com\/fr\/legal-notice\/","og_site_name":"Careprod Technologies","article_modified_time":"2025-08-20T09:55:41+00:00","og_image":[{"width":1920,"height":1080,"url":"https:\/\/careprodtechnologies.com\/wp-content\/uploads\/2024\/10\/Careprod_Technologie_Logo_Horizontal_color.png","type":"image\/png"}],"twitter_card":"summary_large_image","twitter_misc":{"Dur\u00e9e de lecture estim\u00e9e":"2 minutes"},"schema":{"@context":"https:\/\/schema.org","@graph":[{"@type":"WebPage","@id":"https:\/\/careprodtechnologies.com\/fr\/legal-notice\/","url":"https:\/\/careprodtechnologies.com\/fr\/legal-notice\/","name":"Mentions L\u00e9gales - Careprod Technologies","isPartOf":{"@id":"https:\/\/dev.orsync.io\/#website"},"datePublished":"2024-11-27T13:58:42+00:00","dateModified":"2025-08-20T09:55:41+00:00","breadcrumb":{"@id":"https:\/\/careprodtechnologies.com\/fr\/legal-notice\/#breadcrumb"},"inLanguage":"fr-FR","potentialAction":[{"@type":"ReadAction","target":["https:\/\/careprodtechnologies.com\/fr\/legal-notice\/"]}]},{"@type":"BreadcrumbList","@id":"https:\/\/careprodtechnologies.com\/fr\/legal-notice\/#breadcrumb","itemListElement":[{"@type":"ListItem","position":1,"name":"Accueil","item":"https:\/\/careprodtechnologies.com\/fr\/"},{"@type":"ListItem","position":2,"name":"Mentions L\u00e9gales"}]},{"@type":"WebSite","@id":"https:\/\/dev.orsync.io\/#website","url":"https:\/\/dev.orsync.io\/","name":"Careprod Technologies","description":"Empower medical education","potentialAction":[{"@type":"SearchAction","target":{"@type":"EntryPoint","urlTemplate":"https:\/\/dev.orsync.io\/?s={search_term_string}"},"query-input":{"@type":"PropertyValueSpecification","valueRequired":true,"valueName":"search_term_string"}}],"inLanguage":"fr-FR"}]}},"_links":{"self":[{"href":"https:\/\/careprodtechnologies.com\/fr\/wp-json\/wp\/v2\/pages\/33309","targetHints":{"allow":["GET"]}}],"collection":[{"href":"https:\/\/careprodtechnologies.com\/fr\/wp-json\/wp\/v2\/pages"}],"about":[{"href":"https:\/\/careprodtechnologies.com\/fr\/wp-json\/wp\/v2\/types\/page"}],"author":[{"embeddable":true,"href":"https:\/\/careprodtechnologies.com\/fr\/wp-json\/wp\/v2\/users\/1"}],"replies":[{"embeddable":true,"href":"https:\/\/careprodtechnologies.com\/fr\/wp-json\/wp\/v2\/comments?post=33309"}],"version-history":[{"count":8,"href":"https:\/\/careprodtechnologies.com\/fr\/wp-json\/wp\/v2\/pages\/33309\/revisions"}],"predecessor-version":[{"id":33439,"href":"https:\/\/careprodtechnologies.com\/fr\/wp-json\/wp\/v2\/pages\/33309\/revisions\/33439"}],"wp:attachment":[{"href":"https:\/\/careprodtechnologies.com\/fr\/wp-json\/wp\/v2\/media?parent=33309"}],"curies":[{"name":"wp","href":"https:\/\/api.w.org\/{rel}","templated":true}]}}